{"id":2155,"date":"2023-10-17T08:20:06","date_gmt":"2023-10-17T08:20:06","guid":{"rendered":"https:\/\/alinor.es\/?page_id=2155"},"modified":"2023-11-21T13:21:57","modified_gmt":"2023-11-21T13:21:57","slug":"cumplimiento-legal-exclusivas-alinor","status":"publish","type":"page","link":"https:\/\/alinor.es\/?page_id=2155","title":{"rendered":"Cumplimiento legal-Exclusivas Alinor"},"content":{"rendered":"\t\t<div data-elementor-type=\"wp-page\" data-elementor-id=\"2155\" class=\"elementor elementor-2155\">\n\t\t\t\t\t\t\t\t\t<section class=\"elementor-section elementor-top-section elementor-element elementor-element-e4c58f8 elementor-section-full_width elementor-section-height-default elementor-section-height-default\" data-id=\"e4c58f8\" data-element_type=\"section\">\n\t\t\t\t\t\t<div class=\"elementor-container elementor-column-gap-default\">\n\t\t\t\t\t<div class=\"elementor-column elementor-col-50 elementor-top-column elementor-element elementor-element-2b8d06d5\" data-id=\"2b8d06d5\" data-element_type=\"column\">\n\t\t\t<div class=\"elementor-widget-wrap elementor-element-populated\">\n\t\t\t\t\t\t\t\t<div class=\"elementor-element elementor-element-2677bb2 elementor-widget elementor-widget-image\" data-id=\"2677bb2\" data-element_type=\"widget\" data-widget_type=\"image.default\">\n\t\t\t\t<div class=\"elementor-widget-container\">\n\t\t\t<style>\/*! elementor - v3.17.0 - 08-11-2023 *\/\n.elementor-widget-image{text-align:center}.elementor-widget-image a{display:inline-block}.elementor-widget-image a img[src$=\".svg\"]{width:48px}.elementor-widget-image img{vertical-align:middle;display:inline-block}<\/style>\t\t\t\t\t\t\t\t\t\t\t\t<img loading=\"lazy\" decoding=\"async\" width=\"1024\" height=\"371\" src=\"https:\/\/alinor.es\/wp-content\/uploads\/2023\/07\/Imagen1-1-1024x371.jpg\" class=\"attachment-large size-large wp-image-2091\" alt=\"\" srcset=\"https:\/\/alinor.es\/wp-content\/uploads\/2023\/07\/Imagen1-1-1024x371.jpg 1024w, https:\/\/alinor.es\/wp-content\/uploads\/2023\/07\/Imagen1-1-300x109.jpg 300w, https:\/\/alinor.es\/wp-content\/uploads\/2023\/07\/Imagen1-1-768x278.jpg 768w, https:\/\/alinor.es\/wp-content\/uploads\/2023\/07\/Imagen1-1.jpg 1247w\" sizes=\"auto, (max-width: 1024px) 100vw, 1024px\" \/>\t\t\t\t\t\t\t\t\t\t\t\t\t\t\t<\/div>\n\t\t\t\t<\/div>\n\t\t\t\t\t<\/div>\n\t\t<\/div>\n\t\t\t\t<div class=\"elementor-column elementor-col-50 elementor-top-column elementor-element elementor-element-41822eba\" data-id=\"41822eba\" data-element_type=\"column\">\n\t\t\t<div class=\"elementor-widget-wrap elementor-element-populated\">\n\t\t\t\t\t\t\t\t<div class=\"elementor-element elementor-element-828bd57 elementor-hidden-phone elementor-widget elementor-widget-text-editor\" data-id=\"828bd57\" data-element_type=\"widget\" data-widget_type=\"text-editor.default\">\n\t\t\t\t<div class=\"elementor-widget-container\">\n\t\t\t<style>\/*! elementor - v3.17.0 - 08-11-2023 *\/\n.elementor-widget-text-editor.elementor-drop-cap-view-stacked .elementor-drop-cap{background-color:#69727d;color:#fff}.elementor-widget-text-editor.elementor-drop-cap-view-framed .elementor-drop-cap{color:#69727d;border:3px solid;background-color:transparent}.elementor-widget-text-editor:not(.elementor-drop-cap-view-default) .elementor-drop-cap{margin-top:8px}.elementor-widget-text-editor:not(.elementor-drop-cap-view-default) .elementor-drop-cap-letter{width:1em;height:1em}.elementor-widget-text-editor .elementor-drop-cap{float:left;text-align:center;line-height:1;font-size:50px}.elementor-widget-text-editor .elementor-drop-cap-letter{display:inline-block}<\/style>\t\t\t\t<p>976 57 17 67 \u00b7 637 53 15 06<\/p>\t\t\t\t\t\t<\/div>\n\t\t\t\t<\/div>\n\t\t\t\t\t<\/div>\n\t\t<\/div>\n\t\t\t\t\t\t\t<\/div>\n\t\t<\/section>\n\t\t\t\t<section class=\"elementor-section elementor-top-section elementor-element elementor-element-4fb2ce5 elementor-section-full_width elementor-section-height-min-height elementor-section-height-default elementor-section-items-middle\" data-id=\"4fb2ce5\" data-element_type=\"section\">\n\t\t\t\t\t\t<div class=\"elementor-container elementor-column-gap-no\">\n\t\t\t\t\t<div class=\"elementor-column elementor-col-100 elementor-top-column elementor-element elementor-element-19f0287\" data-id=\"19f0287\" data-element_type=\"column\">\n\t\t\t<div class=\"elementor-widget-wrap elementor-element-populated\">\n\t\t\t\t\t\t\t\t<div class=\"elementor-element elementor-element-d7adccf elementor-widget elementor-widget-spacer\" data-id=\"d7adccf\" data-element_type=\"widget\" data-widget_type=\"spacer.default\">\n\t\t\t\t<div class=\"elementor-widget-container\">\n\t\t\t<style>\/*! elementor - v3.17.0 - 08-11-2023 *\/\n.elementor-column .elementor-spacer-inner{height:var(--spacer-size)}.e-con{--container-widget-width:100%}.e-con-inner>.elementor-widget-spacer,.e-con>.elementor-widget-spacer{width:var(--container-widget-width,var(--spacer-size));--align-self:var(--container-widget-align-self,initial);--flex-shrink:0}.e-con-inner>.elementor-widget-spacer>.elementor-widget-container,.e-con>.elementor-widget-spacer>.elementor-widget-container{height:100%;width:100%}.e-con-inner>.elementor-widget-spacer>.elementor-widget-container>.elementor-spacer,.e-con>.elementor-widget-spacer>.elementor-widget-container>.elementor-spacer{height:100%}.e-con-inner>.elementor-widget-spacer>.elementor-widget-container>.elementor-spacer>.elementor-spacer-inner,.e-con>.elementor-widget-spacer>.elementor-widget-container>.elementor-spacer>.elementor-spacer-inner{height:var(--container-widget-height,var(--spacer-size))}.e-con-inner>.elementor-widget-spacer.elementor-widget-empty,.e-con>.elementor-widget-spacer.elementor-widget-empty{position:relative;min-height:22px;min-width:22px}.e-con-inner>.elementor-widget-spacer.elementor-widget-empty .elementor-widget-empty-icon,.e-con>.elementor-widget-spacer.elementor-widget-empty .elementor-widget-empty-icon{position:absolute;top:0;bottom:0;left:0;right:0;margin:auto;padding:0;width:22px;height:22px}<\/style>\t\t<div class=\"elementor-spacer\">\n\t\t\t<div class=\"elementor-spacer-inner\"><\/div>\n\t\t<\/div>\n\t\t\t\t<\/div>\n\t\t\t\t<\/div>\n\t\t\t\t\t<\/div>\n\t\t<\/div>\n\t\t\t\t\t\t\t<\/div>\n\t\t<\/section>\n\t\t\t\t<section class=\"elementor-section elementor-top-section elementor-element elementor-element-82659ef elementor-section-boxed elementor-section-height-default elementor-section-height-default\" data-id=\"82659ef\" data-element_type=\"section\" id=\"Productos\">\n\t\t\t\t\t\t<div class=\"elementor-container elementor-column-gap-default\">\n\t\t\t\t\t<div class=\"elementor-column elementor-col-100 elementor-top-column elementor-element elementor-element-6429977 PRODUCTOS\" data-id=\"6429977\" data-element_type=\"column\">\n\t\t\t<div class=\"elementor-widget-wrap elementor-element-populated\">\n\t\t\t\t\t\t\t\t<div class=\"elementor-element elementor-element-7790264 elementor-widget elementor-widget-text-editor\" data-id=\"7790264\" data-element_type=\"widget\" data-widget_type=\"text-editor.default\">\n\t\t\t\t<div class=\"elementor-widget-container\">\n\t\t\t\t\t\t\t<p><strong>CUMPLIMIENTO LEGAL<\/strong><\/p><p>ALINOR, S.L.U. es una empresa comprometida con el comportamiento \u00e9tico y socialmente responsable, el cual se encuentra presente en todas y cada una de sus decisiones y \u00e1reas de actuaci\u00f3n, con especial respeto a los derechos humanos, los derechos laborales y a las libertades de las personas.<\/p><p>El reflejo de este compromiso de cultura de cumplimiento y voluntad de prevenci\u00f3n de todo tipo de riesgos de alcance penal, se halla en la dotaci\u00f3n de un sistema de prevenci\u00f3n de riesgos penales en ALINOR, S.L.U., as\u00ed como en la adopci\u00f3n de su Manual de\u00a0<em>Compliance<\/em>\u00a0(Pol\u00edtica de\u00a0<em>Compliance<\/em>), C\u00f3digo \u00c9tico y normativa interna que los desarrolla.<\/p><p>La Pol\u00edtica de\u00a0<em>Compliance<\/em>\u00a0de ALINOR, S.L.U. tiene como objetivo la identificaci\u00f3n y prevenci\u00f3n de riesgos de alcance penal, as\u00ed como el cumplimiento normativo en todos los \u00e1mbitos de actividad, incluyendo las exigencias legales, la normativa interna de la empresa, as\u00ed como los est\u00e1ndares del buen gobierno corporativo y las mejores pr\u00e1cticas empresariales.<\/p><p>El C\u00f3digo \u00c9tico de ALINOR, S.L.U. recoge los principios y valores que deben presidir la actuaci\u00f3n de la empresa y de todos sus empleados y empleadas, estableciendo un conjunto de principios y pautas de conducta en el desarrollo de su actividad y con independencia de su nivel jer\u00e1rquico, de su ubicaci\u00f3n geogr\u00e1fica o funcional, con el fin de procurar un comportamiento profesional \u00e9tico, responsable y de transparencia en todos los \u00e1mbitos de actuaci\u00f3n. Asimismo, el C\u00f3digo \u00c9tico de ALINOR, S.L.U. debe ser una referencia para todos aquellos terceros que tengan relaci\u00f3n, colaboren o contraten con la empresa.<\/p><p>ALINOR, S.L.U. proporciona un canal de comunicaci\u00f3n espec\u00edfico que sirve de instrumento para que todas aquellas personas que tengan conocimiento, en un contexto laboral o profesional, de la realizaci\u00f3n de cualquier infracci\u00f3n en ALINOR, S.L.U., la puedan poner en conocimiento (incluso de forma an\u00f3nima) al Responsable del Sistema a trav\u00e9s de los siguientes canales de comunicaci\u00f3n del Canal \u00c9tico que ALINOR, S.L.U. tiene habilitados al efecto:<\/p><p>&#8211;\u00a0\u00a0\u00a0\u00a0\u00a0\u00a0\u00a0\u00a0\u00a0\u00a0A trav\u00e9s de la direcci\u00f3n de correo electr\u00f3nico:\u00a0<a href=\"mailto:canaletico@disbasegrup.com\">canaletico@disbasegrup.com<\/a><\/p><p>&#8211;\u00a0\u00a0\u00a0\u00a0\u00a0\u00a0\u00a0\u00a0\u00a0\u00a0V\u00eda correo postal a la siguiente direcci\u00f3n: Afores s\/n, 17183 Sant Dalmai (Vilob\u00ed d\u2019onyar), Girona (a la atenci\u00f3n exclusiva del Responsable del Sistema (Canal \u00c9tico) de DISBASE) o;<\/p><p>&#8211;\u00a0\u00a0\u00a0\u00a0\u00a0\u00a0\u00a0\u00a0\u00a0\u00a0Mediante solicitud de reuni\u00f3n presencial con el Responsable del Sistema.<\/p><ul><li>Lea\u00a0<a href=\"https:\/\/alinor.es\/?page_id=2163\"><u>aqu\u00ed <\/u><\/a>nuestro C\u00f3digo \u00c9tico<\/li><li>Lea\u00a0<a href=\"https:\/\/alinor.es\/?page_id=2184\"><u>aqu\u00ed <\/u><\/a>nuestra Pol\u00edtica de funcionamiento del Canal \u00c9tico<\/li><\/ul>\t\t\t\t\t\t<\/div>\n\t\t\t\t<\/div>\n\t\t\t\t<div class=\"elementor-element elementor-element-534e07d elementor-widget elementor-widget-spacer\" data-id=\"534e07d\" data-element_type=\"widget\" data-widget_type=\"spacer.default\">\n\t\t\t\t<div class=\"elementor-widget-container\">\n\t\t\t\t\t<div class=\"elementor-spacer\">\n\t\t\t<div class=\"elementor-spacer-inner\"><\/div>\n\t\t<\/div>\n\t\t\t\t<\/div>\n\t\t\t\t<\/div>\n\t\t\t\t\t<\/div>\n\t\t<\/div>\n\t\t\t\t\t\t\t<\/div>\n\t\t<\/section>\n\t\t\t\t<section class=\"elementor-section elementor-top-section elementor-element elementor-element-2ce496c elementor-section-full_width elementor-section-height-default elementor-section-height-default\" data-id=\"2ce496c\" data-element_type=\"section\">\n\t\t\t\t\t\t<div class=\"elementor-container elementor-column-gap-default\">\n\t\t\t\t\t<div class=\"elementor-column elementor-col-50 elementor-top-column elementor-element elementor-element-8cc9fed\" data-id=\"8cc9fed\" data-element_type=\"column\">\n\t\t\t<div class=\"elementor-widget-wrap elementor-element-populated\">\n\t\t\t\t\t\t\t\t<div class=\"elementor-element elementor-element-6fe48df elementor-widget elementor-widget-text-editor\" data-id=\"6fe48df\" data-element_type=\"widget\" data-widget_type=\"text-editor.default\">\n\t\t\t\t<div class=\"elementor-widget-container\">\n\t\t\t\t\t\t\t<p><a href=\"http:\/\/www.alinor.es\">\u00a9 2023 Alinor<\/a><\/p>\t\t\t\t\t\t<\/div>\n\t\t\t\t<\/div>\n\t\t\t\t\t<\/div>\n\t\t<\/div>\n\t\t\t\t<div class=\"elementor-column elementor-col-50 elementor-top-column elementor-element elementor-element-18e43d7\" data-id=\"18e43d7\" data-element_type=\"column\">\n\t\t\t<div class=\"elementor-widget-wrap elementor-element-populated\">\n\t\t\t\t\t\t\t\t<div class=\"elementor-element elementor-element-9515896 elementor-widget__width-initial elementor-widget elementor-widget-text-editor\" data-id=\"9515896\" data-element_type=\"widget\" data-widget_type=\"text-editor.default\">\n\t\t\t\t<div class=\"elementor-widget-container\">\n\t\t\t\t\t\t\t<p><a href=\"https:\/\/alinor.es\/?page_id=1733\">Aviso legal y pol\u00edtica de privacidad<\/a> | <a href=\"https:\/\/alinor.es\/?page_id=1704\">Cookies<\/a><\/p><p>| <a href=\"https:\/\/alinor.es\/?page_id=2155\">Cumplimiento legal<\/a><\/p>\t\t\t\t\t\t<\/div>\n\t\t\t\t<\/div>\n\t\t\t\t\t<\/div>\n\t\t<\/div>\n\t\t\t\t\t\t\t<\/div>\n\t\t<\/section>\n\t\t\t\t\t\t\t<\/div>\n\t\t","protected":false},"excerpt":{"rendered":"<p>976 57 17 67 \u00b7 637 53 15 06 CUMPLIMIENTO LEGAL ALINOR, S.L.U. es una empresa comprometida con el comportamiento \u00e9tico y socialmente responsable, el cual se encuentra presente en todas y cada una de sus decisiones y \u00e1reas de actuaci\u00f3n, con especial respeto a los derechos humanos, los derechos laborales y a las libertades [&hellip;]<\/p>\n","protected":false},"author":1,"featured_media":0,"parent":0,"menu_order":0,"comment_status":"closed","ping_status":"closed","template":"elementor_canvas","meta":{"footnotes":""},"class_list":["post-2155","page","type-page","status-publish","hentry"],"_links":{"self":[{"href":"https:\/\/alinor.es\/index.php?rest_route=\/wp\/v2\/pages\/2155","targetHints":{"allow":["GET"]}}],"collection":[{"href":"https:\/\/alinor.es\/index.php?rest_route=\/wp\/v2\/pages"}],"about":[{"href":"https:\/\/alinor.es\/index.php?rest_route=\/wp\/v2\/types\/page"}],"author":[{"embeddable":true,"href":"https:\/\/alinor.es\/index.php?rest_route=\/wp\/v2\/users\/1"}],"replies":[{"embeddable":true,"href":"https:\/\/alinor.es\/index.php?rest_route=%2Fwp%2Fv2%2Fcomments&post=2155"}],"version-history":[{"count":22,"href":"https:\/\/alinor.es\/index.php?rest_route=\/wp\/v2\/pages\/2155\/revisions"}],"predecessor-version":[{"id":2300,"href":"https:\/\/alinor.es\/index.php?rest_route=\/wp\/v2\/pages\/2155\/revisions\/2300"}],"wp:attachment":[{"href":"https:\/\/alinor.es\/index.php?rest_route=%2Fwp%2Fv2%2Fmedia&parent=2155"}],"curies":[{"name":"wp","href":"https:\/\/api.w.org\/{rel}","templated":true}]}}